{"id":2353,"date":"2025-03-03T16:35:39","date_gmt":"2025-03-03T16:35:39","guid":{"rendered":"https:\/\/doctoramarrero.com\/?page_id=2353"},"modified":"2025-09-23T09:33:12","modified_gmt":"2025-09-23T09:33:12","slug":"mas-sobre-mi","status":"publish","type":"page","link":"https:\/\/doctoramarrero.com\/index.php\/mas-sobre-mi\/","title":{"rendered":"M\u00e1s sobre mi"},"content":{"rendered":"<h2 style=\"text-align: center;\" data-start=\"55\" data-end=\"108\">Descubre \u00bfC\u00f3mo puedo ayudarte a mejorar tu salud?<\/h2>\n<p data-start=\"110\" data-end=\"311\">En esta p\u00e1gina encontrar\u00e1s informaci\u00f3n sobre mi trayectoria profesional, mi enfoque como especialista en medicina integrativa y las soluciones que puedo ofrecerte para optimizar tu bienestar.<\/p>\n<p data-start=\"313\" data-end=\"498\">A trav\u00e9s de la consulta online, tienes acceso a un servicio m\u00e9dico personalizado, basado en la evidencia cient\u00edfica y adaptado a tus necesidades, sin importar d\u00f3nde te encuentres.<\/p>\n<p data-start=\"500\" data-end=\"829\"><strong data-start=\"503\" data-end=\"542\">\u00bfPor qu\u00e9 elegir la consulta online?<\/strong><br data-start=\"542\" data-end=\"545\" \/>\u2714\ufe0f Comodidad: Atenci\u00f3n desde casa, sin desplazamientos.<br data-start=\"600\" data-end=\"603\" \/>\u2714\ufe0f Flexibilidad: Horarios adaptados a tu ritmo de vida.<br data-start=\"658\" data-end=\"661\" \/>\u2714\ufe0f Personalizaci\u00f3n: Enfoque integral para tratar la ra\u00edz del problema.<br data-start=\"731\" data-end=\"734\" \/>\u2714\ufe0f Seguimiento continuo: Acceso a recomendaciones y ajustes en tu tratamiento en tiempo real.Si buscas un abordaje m\u00e9dico que combine lo mejor de la medicina convencional con estrategias innovadoras para potenciar tu salud, aqu\u00ed encontrar\u00e1s la gu\u00eda que necesitas.<\/p>\n<p data-start=\"500\" data-end=\"829\">Para m\u00e1s informaci\u00f3n, consulta los enlaces.<\/p>\n<p data-start=\"1005\" data-end=\"1075\" data-is-last-node=\"\" data-is-only-node=\"\">\ud83d\udc49 Explora la p\u00e1gina y reserva tu consulta. \u00a1Estoy aqu\u00ed para ayudarte!<\/p>\n","protected":false},"excerpt":{"rendered":"<p>Descubre \u00bfC\u00f3mo puedo ayudarte a mejorar tu salud? En esta p\u00e1gina encontrar\u00e1s informaci\u00f3n sobre mi trayectoria profesional, mi enfoque como especialista en medicina integrativa y las soluciones que puedo ofrecerte &#8230;<\/p>\n","protected":false},"author":1,"featured_media":0,"parent":0,"menu_order":0,"comment_status":"closed","ping_status":"closed","template":"","meta":{"footnotes":""},"class_list":["post-2353","page","type-page","status-publish","hentry"],"_links":{"self":[{"href":"https:\/\/doctoramarrero.com\/index.php\/wp-json\/wp\/v2\/pages\/2353","targetHints":{"allow":["GET"]}}],"collection":[{"href":"https:\/\/doctoramarrero.com\/index.php\/wp-json\/wp\/v2\/pages"}],"about":[{"href":"https:\/\/doctoramarrero.com\/index.php\/wp-json\/wp\/v2\/types\/page"}],"author":[{"embeddable":true,"href":"https:\/\/doctoramarrero.com\/index.php\/wp-json\/wp\/v2\/users\/1"}],"replies":[{"embeddable":true,"href":"https:\/\/doctoramarrero.com\/index.php\/wp-json\/wp\/v2\/comments?post=2353"}],"version-history":[{"count":5,"href":"https:\/\/doctoramarrero.com\/index.php\/wp-json\/wp\/v2\/pages\/2353\/revisions"}],"predecessor-version":[{"id":2363,"href":"https:\/\/doctoramarrero.com\/index.php\/wp-json\/wp\/v2\/pages\/2353\/revisions\/2363"}],"wp:attachment":[{"href":"https:\/\/doctoramarrero.com\/index.php\/wp-json\/wp\/v2\/media?parent=2353"}],"curies":[{"name":"wp","href":"https:\/\/api.w.org\/{rel}","templated":true}]}}