{"id":1858,"date":"2023-08-02T16:27:10","date_gmt":"2023-08-02T16:27:10","guid":{"rendered":"https:\/\/doctoramarrero.com\/?page_id=1858"},"modified":"2023-08-02T16:32:54","modified_gmt":"2023-08-02T16:32:54","slug":"documento-de-informacion-y-consentimiento","status":"publish","type":"page","link":"https:\/\/doctoramarrero.com\/index.php\/documento-de-informacion-y-consentimiento\/","title":{"rendered":"DOCUMENTO DE INFORMACI\u00d3N Y CONSENTIMIENTO"},"content":{"rendered":"<h3 style=\"text-align: center;\"><em><strong><span class=\"fontstyle2\">\u00a0<span class=\"fontstyle0\">PROTECCI\u00d3N DE DATOS DE CAR\u00c1CTER PERSONAL<\/span><\/span><\/strong><\/em><\/h3>\n<p>&nbsp;<\/p>\n<table class=\"NormalTable\">\n<tbody>\n<tr>\n<td style=\"border: solid 1px #000000;\" width=\"550\"><span class=\"fontstyle2\">Nombre y apellidos DNI<\/span><\/td>\n<\/tr>\n<tr>\n<td style=\"border: solid 1px #000000;\" width=\"550\"><span class=\"fontstyle2\">En caso de que el paciente fuese menor de 14 a\u00f1os D\/D\u00aa._____________________________________________________________ con DNI\/NIE ____________________ (del que acompa\u00f1a copia), actuando como padre, madre o tutor, presta su consentimiento para el tratamiento de sus datos.<\/span><\/td>\n<\/tr>\n<\/tbody>\n<\/table>\n<p style=\"text-align: left;\"><span class=\"fontstyle2\">A trav\u00e9s de la cumplimentaci\u00f3n del presente formulario, Vd. presta su consentimiento expreso para el tratamiento de los datos personales facilitados en los siguientes t\u00e9rminos:<\/span><\/p>\n<p style=\"text-align: left;\"><span class=\"fontstyle2\"><strong><span class=\"fontstyle0\">Responsable<\/span><\/strong>. Le informamos que el responsable del tratamiento es STAMENA KATHERINE MARRERO KOTEVA.<\/span><\/p>\n<p style=\"text-align: left;\"><span class=\"fontstyle2\"><strong><span class=\"fontstyle0\">Finalidades<\/span><\/strong>. La finalidad del tratamiento de sus datos personales es la prestaci\u00f3n de los servicios profesionales que nos ha solicitado. Igualmente, le enviaremos recordatorios de citas e informaci\u00f3n acerca de nuestras novedades, promociones y servicios por medios electr\u00f3nicos, pudiendo oponerse a estos env\u00edos en cualquier momento.<\/span><\/p>\n<p style=\"text-align: left;\"><span class=\"fontstyle2\"><strong><span class=\"fontstyle0\">Legitimaci\u00f3n. <\/span><\/strong>La base legal es la relaci\u00f3n contractual de prestaci\u00f3n de servicios de asistencia o tratamiento de tipo sanitario, reforzado con su consentimiento. La base legal para el env\u00edo de comunicaciones comerciales electr\u00f3nicas es el inter\u00e9s leg\u00edtimo del responsable recogido en el art. 21 de la LSSI.<\/span><\/p>\n<p style=\"text-align: left;\"><span class=\"fontstyle2\"><strong><span class=\"fontstyle0\">Conservaci\u00f3n de los datos<\/span>.<\/strong> Los datos de la documentaci\u00f3n cl\u00ednica se conservar\u00e1n de acuerdo con los plazos establecidos en las respectivas legislaciones auton\u00f3micas, o en su defecto de acuerdo con la Ley 41\/2002 de autonom\u00eda del paciente. El Responsable, certifica que ha implementado las medidas de seguridad, t\u00e9cnicas y organizativas necesarias para garantizar la seguridad e integridad de los datos de car\u00e1cter personal.<\/span><\/p>\n<p style=\"text-align: left;\"><span class=\"fontstyle2\"><strong><span class=\"fontstyle0\">Destinatarios<\/span>.<\/strong> No se ceder\u00e1n datos a terceros salvo obligaci\u00f3n legal.<\/span><\/p>\n<p style=\"text-align: left;\"><span class=\"fontstyle2\"><strong><span class=\"fontstyle0\">Derechos<\/span><\/strong>. En cualquier momento, puede ejercer los derechos de acceso, rectificaci\u00f3n, supresi\u00f3n, limitaci\u00f3n, oposici\u00f3n, y portabilidad mediante escrito, acompa\u00f1ado de copia de documento oficial que le identifique, dirigido a STAMENA KATHERINE MARRERO KOTEVA C\/ DE LA ZAMARRILLA, 17 URB. EL MAPA &#8211; 19160 CHILOECHES (Guadalajara). E-mail: katherine.marrero.koteva@gmail.com. En caso de disconformidad con el tratamiento, tambi\u00e9n tiene derecho a presentar una reclamaci\u00f3n ante la Agencia Espa\u00f1ola de Protecci\u00f3n de Datos (aepd.es).<\/span><\/p>\n<p>&nbsp;<\/p>\n<p style=\"text-align: center;\"><span class=\"fontstyle2\">En CHILOECHES, a __ de _______ de 20__<\/span><\/p>\n<p>&nbsp;<\/p>\n<p style=\"text-align: center;\"><span class=\"fontstyle2\">Firmado:\u00a0<\/span><\/p>\n","protected":false},"excerpt":{"rendered":"<p>\u00a0PROTECCI\u00d3N DE DATOS DE CAR\u00c1CTER PERSONAL &nbsp; Nombre y apellidos DNI En caso de que el paciente fuese menor de 14 a\u00f1os D\/D\u00aa._____________________________________________________________ con DNI\/NIE ____________________ (del que acompa\u00f1a copia), &#8230;<\/p>\n","protected":false},"author":1,"featured_media":0,"parent":0,"menu_order":0,"comment_status":"closed","ping_status":"closed","template":"","meta":{"footnotes":""},"class_list":["post-1858","page","type-page","status-publish","hentry"],"_links":{"self":[{"href":"https:\/\/doctoramarrero.com\/index.php\/wp-json\/wp\/v2\/pages\/1858","targetHints":{"allow":["GET"]}}],"collection":[{"href":"https:\/\/doctoramarrero.com\/index.php\/wp-json\/wp\/v2\/pages"}],"about":[{"href":"https:\/\/doctoramarrero.com\/index.php\/wp-json\/wp\/v2\/types\/page"}],"author":[{"embeddable":true,"href":"https:\/\/doctoramarrero.com\/index.php\/wp-json\/wp\/v2\/users\/1"}],"replies":[{"embeddable":true,"href":"https:\/\/doctoramarrero.com\/index.php\/wp-json\/wp\/v2\/comments?post=1858"}],"version-history":[{"count":2,"href":"https:\/\/doctoramarrero.com\/index.php\/wp-json\/wp\/v2\/pages\/1858\/revisions"}],"predecessor-version":[{"id":1862,"href":"https:\/\/doctoramarrero.com\/index.php\/wp-json\/wp\/v2\/pages\/1858\/revisions\/1862"}],"wp:attachment":[{"href":"https:\/\/doctoramarrero.com\/index.php\/wp-json\/wp\/v2\/media?parent=1858"}],"curies":[{"name":"wp","href":"https:\/\/api.w.org\/{rel}","templated":true}]}}