{"id":1650,"date":"2023-05-31T21:00:20","date_gmt":"2023-05-31T21:00:20","guid":{"rendered":"https:\/\/doctoramarrero.com\/?page_id=1650"},"modified":"2025-08-13T17:38:31","modified_gmt":"2025-08-13T17:38:31","slug":"1650-2","status":"publish","type":"page","link":"https:\/\/doctoramarrero.com\/index.php\/home\/1650-2\/","title":{"rendered":"Con\u00f3ceme"},"content":{"rendered":"<p><img loading=\"lazy\" decoding=\"async\" class=\"size-medium wp-image-1740 alignleft\" src=\"https:\/\/doctoramarrero.com\/wp-content\/uploads\/2023\/06\/Imagen-de-WhatsApp2-275x300.jpg\" alt=\"Dra. Marrero\" width=\"275\" height=\"300\" \/>Soy Doctora en Medicina y Cirug\u00eda.<\/p>\n<p>Especialista en Medicina Familiar y Comunitaria.<\/p>\n<p>Doctora Cum Laude en Especialidades M\u00e9dicas por la Universidad de Alcal\u00e1.<\/p>\n<p>Experta en Medicina Gen\u00f3mica, Farmacogen\u00e9tica y Nutrigen\u00e9tica.<\/p>\n<p>M\u00e1ster en Microbiota y Medicina de precisi\u00f3n.<\/p>\n<p>M\u00e1ster en Medicina Integrativa y Medicina Integrativa avanzada.<\/p>\n<p>Experta en Medicina Ambiental.<\/p>\n<p>Formaci\u00f3n en Medicina funcional en proceso de acreditaci\u00f3n por The Intitute for Functional Medicine.<\/p>\n<p>Conoce mi <a href=\"https:\/\/doctoramarrero.com\/wp-content\/uploads\/2025\/04\/CV-KM-color.pdf\">curriculum aqu\u00ed<\/a>.<\/p>\n","protected":false},"excerpt":{"rendered":"<p>Soy Doctora en Medicina y Cirug\u00eda. Especialista en Medicina Familiar y Comunitaria. Doctora Cum Laude en Especialidades M\u00e9dicas por la Universidad de Alcal\u00e1. Experta en Medicina Gen\u00f3mica, Farmacogen\u00e9tica y Nutrigen\u00e9tica. &#8230;<\/p>\n","protected":false},"author":1,"featured_media":0,"parent":1473,"menu_order":0,"comment_status":"closed","ping_status":"closed","template":"","meta":{"footnotes":""},"class_list":["post-1650","page","type-page","status-publish","hentry"],"_links":{"self":[{"href":"https:\/\/doctoramarrero.com\/index.php\/wp-json\/wp\/v2\/pages\/1650","targetHints":{"allow":["GET"]}}],"collection":[{"href":"https:\/\/doctoramarrero.com\/index.php\/wp-json\/wp\/v2\/pages"}],"about":[{"href":"https:\/\/doctoramarrero.com\/index.php\/wp-json\/wp\/v2\/types\/page"}],"author":[{"embeddable":true,"href":"https:\/\/doctoramarrero.com\/index.php\/wp-json\/wp\/v2\/users\/1"}],"replies":[{"embeddable":true,"href":"https:\/\/doctoramarrero.com\/index.php\/wp-json\/wp\/v2\/comments?post=1650"}],"version-history":[{"count":13,"href":"https:\/\/doctoramarrero.com\/index.php\/wp-json\/wp\/v2\/pages\/1650\/revisions"}],"predecessor-version":[{"id":2552,"href":"https:\/\/doctoramarrero.com\/index.php\/wp-json\/wp\/v2\/pages\/1650\/revisions\/2552"}],"up":[{"embeddable":true,"href":"https:\/\/doctoramarrero.com\/index.php\/wp-json\/wp\/v2\/pages\/1473"}],"wp:attachment":[{"href":"https:\/\/doctoramarrero.com\/index.php\/wp-json\/wp\/v2\/media?parent=1650"}],"curies":[{"name":"wp","href":"https:\/\/api.w.org\/{rel}","templated":true}]}}